{"id":2103,"date":"2022-03-26T10:19:58","date_gmt":"2022-03-26T09:19:58","guid":{"rendered":"https:\/\/www.hcaridadsvp.com\/home\/"},"modified":"2026-04-08T14:33:13","modified_gmt":"2026-04-08T12:33:13","slug":"home","status":"publish","type":"page","link":"https:\/\/www.hcaridadsvp.com\/ca\/","title":{"rendered":"Germanes de la Caritat de Sant Vicen\u00e7 de Pa\u00fcl"},"content":{"rendered":"<section class=\"l-section wpb_row height_custom color_primary with_slider with_shape\"><div class=\"l-section-slider\"><div class=\"w-slider style_none fit_cover nav_none count_3\"><div class=\"w-slider-h\" aria-hidden=\"true\"><div class=\"royalSlider\"><div class=\"rsContent\"><a class=\"rsImg\" data-rsw=\"2000\" data-rsh=\"1500\" href=\"https:\/\/www.hcaridadsvp.com\/wp-content\/uploads\/2026\/04\/foto-2.jpeg\"><span data-alt=\"\"><\/span><\/a><\/div><div class=\"rsContent\"><a class=\"rsImg\" data-rsw=\"2560\" data-rsh=\"1441\" href=\"https:\/\/www.hcaridadsvp.com\/wp-content\/uploads\/2026\/04\/dibuixos-dels-nins-scaled.jpg\"><span data-alt=\"\"><\/span><\/a><\/div><div class=\"rsContent\"><a class=\"rsImg\" data-rsw=\"1600\" data-rsh=\"1200\" href=\"https:\/\/www.hcaridadsvp.com\/wp-content\/uploads\/2026\/04\/caminata-solidaria.jpeg\"><span data-alt=\"\"><\/span><\/a><\/div><\/div><img decoding=\"async\" src=\"https:\/\/www.hcaridadsvp.com\/wp-content\/uploads\/2026\/04\/foto-2.jpeg\" width=\"2000\" height=\"1500\" alt loading=\"lazy\"><\/div><div class=\"w-slider-json\" onclick='return {&quot;autoScaleSlider&quot;:true,&quot;addActiveClass&quot;:true,&quot;loop&quot;:true,&quot;fadeInLoadedSlide&quot;:false,&quot;slidesSpacing&quot;:0,&quot;imageScalePadding&quot;:0,&quot;numImagesToPreload&quot;:2,&quot;arrowsNav&quot;:false,&quot;arrowsNavAutoHide&quot;:false,&quot;transitionType&quot;:&quot;fade&quot;,&quot;transitionSpeed&quot;:1000,&quot;block&quot;:{&quot;moveEffect&quot;:&quot;none&quot;,&quot;speed&quot;:300},&quot;thumbs&quot;:{&quot;fitInViewport&quot;:false,&quot;firstMargin&quot;:false,&quot;spacing&quot;:4},&quot;controlNavigation&quot;:&quot;none&quot;,&quot;autoplay&quot;:{&quot;enabled&quot;:true,&quot;pauseOnHover&quot;:false,&quot;delay&quot;:3000},&quot;autoScaleSliderWidth&quot;:2000,&quot;autoScaleSliderHeight&quot;:1500}'><\/div><\/div><\/div><div class=\"l-section-overlay\" style=\"background:var(--color-alt-content-overlay)\"><\/div><div class=\"l-section-shape type_wave pos_bottom\" style=\"height:8vmax;color:#ffffff\"><svg xmlns=\"http:\/\/www.w3.org\/2000\/svg\" viewBox=\"0 4 64 4\" preserveAspectRatio=\"none\" width=\"100%\" height=\"100%\">\r\n\t<path fill=\"currentColor\" d=\"M64 6 C32 0 32 12 0 6 L0 8 L64 8 Z\"\/>\r\n<\/svg><\/div><div class=\"l-section-h i-cf\"><div class=\"g-cols vc_row via_flex valign_top type_default stacking_default\"><div class=\"vc_col-sm-12 wpb_column vc_column_container\"><div class=\"vc_column-inner\"><div class=\"wpb_wrapper\"><h1 class=\"w-text\"><span class=\"w-text-h\"><span class=\"w-text-value\">&#8220;Atraure tots cap a D\u00e9u&#8221;<\/span><\/span><\/h1><div class=\"wpb_text_column us_custom_a6d9f5b5\"><div class=\"wpb_wrapper\"><p>Beata Sor Francinaina Cirer<\/p>\n<\/div><\/div><div class=\"w-separator size_custom\" style=\"height:8vmax\"><\/div><\/div><\/div><\/div><\/div><\/div><\/section><section class=\"l-section wpb_row height_custom with_shape\"><div class=\"l-section-shape type_wave pos_bottom\" style=\"height:8vmax;color:var(--color-content-primary)\"><svg xmlns=\"http:\/\/www.w3.org\/2000\/svg\" viewBox=\"0 4 64 4\" preserveAspectRatio=\"none\" width=\"100%\" height=\"100%\">\r\n\t<path fill=\"currentColor\" d=\"M64 6 C32 0 32 12 0 6 L0 8 L64 8 Z\"\/>\r\n<\/svg><\/div><div class=\"l-section-h i-cf\"><div class=\"g-cols vc_row via_flex valign_top type_default stacking_default\"><div class=\"vc_col-sm-12 wpb_column vc_column_container\"><div class=\"vc_column-inner\"><div class=\"wpb_wrapper\"><div class=\"g-cols wpb_row via_flex valign_top type_default reversed stacking_default\"><div class=\"vc_col-sm-6 wpb_column vc_column_container\"><div class=\"vc_column-inner us_custom_7e20fa79 us_animate_this\"><div class=\"wpb_wrapper\"><div class=\"w-image us_custom_9cf479d2 has_ratio align_none\"><div class=\"w-image-h\"><div style=\"padding-bottom:56.25%\"><\/div><img fetchpriority=\"high\" decoding=\"async\" width=\"1024\" height=\"768\" src=\"https:\/\/www.hcaridadsvp.com\/wp-content\/uploads\/2024\/04\/mision-hermanas-de-la-caridad-1024x768.jpg\" class=\"attachment-large size-large\" alt=\"\" loading=\"eager\" \/><\/div><\/div><\/div><\/div><\/div><div class=\"vc_col-sm-6 wpb_column vc_column_container\"><div class=\"vc_column-inner us_custom_ba870b58 us_animate_this\"><div class=\"wpb_wrapper\"><div class=\"wpb_text_column us_custom_b9d201a0\"><div class=\"wpb_wrapper\"><h2>Germanes de la Caritat de Sant Vicen\u00e7 de Pa\u00fcl<\/h2>\n<p>Uns diuen que som dones que hem ensenyat estimar D\u00e9u a moltes persones, han reconegut la seva presencia amb el nostre apropament i cura. Altres diuen que \u201csom la medicina de D\u00e9u\u201d, per haver aconseguit millorar la qualitat de l\u2019educaci\u00f3 i baixar la mortalitat infantil de Mallorca de principis del s. XX.<\/p>\n<\/div><\/div><div class=\"w-separator size_small\"><\/div><div class=\"w-btn-wrapper default_align_left laptops_align_left tablets_align_left mobiles_align_center\"><a class=\"w-btn us-btn-style_1 us_custom_14373e58\" href=\"https:\/\/www.hcaridadsvp.com\/ca\/qui-som\/\"><span class=\"w-btn-label\">Qui som?<\/span><\/a><\/div><\/div><\/div><\/div><\/div><div class=\"w-separator size_custom\" style=\"height:8vmax\"><\/div><\/div><\/div><\/div><\/div><\/div><\/section><section class=\"l-section wpb_row us_custom_ba559656 height_custom color_alternate with_shape\"><div class=\"l-section-shape type_wave pos_top\" style=\"height:8vmax;color:var(--color-header-middle-text-hover)\"><svg xmlns=\"http:\/\/www.w3.org\/2000\/svg\" viewBox=\"0 4 64 4\" preserveAspectRatio=\"none\" width=\"100%\" height=\"100%\">\r\n\t<path fill=\"currentColor\" d=\"M64 6 C32 0 32 12 0 6 L0 8 L64 8 Z\"\/>\r\n<\/svg><\/div><div class=\"l-section-shape type_wave pos_bottom\" style=\"height:8vmax;\"><svg xmlns=\"http:\/\/www.w3.org\/2000\/svg\" viewBox=\"0 4 64 4\" preserveAspectRatio=\"none\" width=\"100%\" height=\"100%\">\r\n\t<path fill=\"currentColor\" d=\"M64 6 C32 0 32 12 0 6 L0 8 L64 8 Z\"\/>\r\n<\/svg><\/div><div class=\"l-section-h i-cf\"><div class=\"g-cols vc_row via_flex valign_top type_default stacking_default\"><div class=\"vc_col-sm-6 wpb_column vc_column_container\"><div class=\"vc_column-inner us_custom_7e20fa79 us_animate_this\"><div class=\"wpb_wrapper\"><div class=\"wpb_text_column\"><div class=\"wpb_wrapper\"><h2>Missi\u00f3<\/h2>\n<p>Acompanyem les persones en el seu proc\u00e9s de desenvolupament integral, atenent les necessitats educatives, sanit\u00e0ries i pastorals. La nostra missi\u00f3 continua present a Espanya, Per\u00fa, Hondures i Burundi.<\/p>\n<\/div><\/div><div class=\"w-separator size_small\"><\/div><div class=\"w-btn-wrapper default_align_left laptops_align_left tablets_align_left mobiles_align_center\"><a class=\"w-btn us-btn-style_2 us_custom_14373e58\" href=\"https:\/\/www.hcaridadsvp.com\/ca\/missio\/\"><span class=\"w-btn-label\">Qu\u00e8 fem?<\/span><\/a><\/div><\/div><\/div><\/div><div class=\"vc_col-sm-6 wpb_column vc_column_container\"><div class=\"vc_column-inner us_custom_ba870b58 us_animate_this\"><div class=\"wpb_wrapper\"><div class=\"w-image us_custom_9cf479d2 has_ratio align_none\"><div class=\"w-image-h\"><div style=\"padding-bottom:56.25%\"><\/div><img decoding=\"async\" width=\"1024\" height=\"768\" src=\"https:\/\/www.hcaridadsvp.com\/wp-content\/uploads\/2024\/03\/347553470_309538091429454_1003276053505528997_n-1024x768.jpg\" class=\"attachment-large size-large\" alt=\"\" loading=\"eager\" \/><\/div><\/div><\/div><\/div><\/div><\/div><\/div><\/section><section class=\"l-section wpb_row height_custom with_shape\"><div class=\"l-section-shape type_wave pos_bottom\" style=\"height:8vmax;color:var(--color-header-middle-bg)\"><svg xmlns=\"http:\/\/www.w3.org\/2000\/svg\" viewBox=\"0 4 64 4\" preserveAspectRatio=\"none\" width=\"100%\" height=\"100%\">\r\n\t<path fill=\"currentColor\" d=\"M64 6 C32 0 32 12 0 6 L0 8 L64 8 Z\"\/>\r\n<\/svg><\/div><div class=\"l-section-h i-cf\"><div class=\"g-cols vc_row via_flex valign_top type_default stacking_default\"><div class=\"vc_col-sm-12 wpb_column vc_column_container\"><div class=\"vc_column-inner\"><div class=\"wpb_wrapper\"><div class=\"g-cols wpb_row via_flex valign_top type_default stacking_default\"><div class=\"vc_col-sm-1\/5 wpb_column vc_column_container\"><div class=\"vc_column-inner us_custom_30af64e9 us_animate_this\"><div class=\"wpb_wrapper\"><div class=\"w-image us_custom_5f3a9c8e us_animate_this align_center\"><div class=\"w-image-h\"><img decoding=\"async\" width=\"150\" height=\"150\" src=\"https:\/\/www.hcaridadsvp.com\/wp-content\/uploads\/2024\/03\/flor.svg\" class=\"attachment-thumbnail size-thumbnail\" alt=\"\" loading=\"lazy\" \/><\/div><\/div><\/div><\/div><\/div><div class=\"vc_col-sm-4\/5 wpb_column vc_column_container\"><div class=\"vc_column-inner us_custom_ba870b58 us_animate_this\"><div class=\"wpb_wrapper\"><div class=\"wpb_text_column us_custom_e46c6d82\"><div class=\"wpb_wrapper\"><h2 style=\"text-align: left;\">Capella virtual de la Beata Francinaina<\/h2>\n<p style=\"text-align: left;\">Escriviu la vostra petici\u00f3 i regaleu una flor d&#8217;ametller a la Beata. Era la seva flor preferida.<\/p>\n<\/div><\/div><div class=\"w-separator size_small\"><\/div><div class=\"w-btn-wrapper default_align_left laptops_align_left tablets_align_left mobiles_align_center\"><a class=\"w-btn us-btn-style_1 us_custom_14373e58\" href=\"https:\/\/www.hcaridadsvp.com\/ca\/capella-virtual\/\"><span class=\"w-btn-label\">Participa<\/span><\/a><\/div><\/div><\/div><\/div><\/div><div class=\"w-separator size_custom\" style=\"height:8vmax\"><\/div><\/div><\/div><\/div><\/div><\/div><\/section>\n","protected":false},"excerpt":{"rendered":"&#8220;Atraure tots cap a D\u00e9u&#8221;Beata Sor Francinaina Cirer Germanes de la Caritat de Sant Vicen\u00e7 de Pa\u00fcl Uns diuen que som dones que hem ensenyat estimar D\u00e9u a moltes persones, han reconegut la seva presencia amb el nostre apropament i cura. Altres diuen que \u201csom la medicina de D\u00e9u\u201d, per haver aconseguit millorar la qualitat...","protected":false},"author":1,"featured_media":0,"parent":0,"menu_order":0,"comment_status":"closed","ping_status":"closed","template":"","meta":{"_acf_changed":false,"footnotes":""},"class_list":["post-2103","page","type-page","status-publish","hentry"],"acf":[],"yoast_head":"<!-- This site is optimized with the Yoast SEO plugin v27.4 - https:\/\/yoast.com\/product\/yoast-seo-wordpress\/ -->\n<title>Germanes de la Caritat de Sant Vicen\u00e7 de Pa\u00fcl - Hermanas de la Caridad San Vicente de Pa\u00fal<\/title>\n<meta name=\"robots\" content=\"index, follow, max-snippet:-1, max-image-preview:large, max-video-preview:-1\" \/>\n<link rel=\"canonical\" href=\"https:\/\/www.hcaridadsvp.com\/ca\/\" \/>\n<meta property=\"og:locale\" content=\"ca_ES\" \/>\n<meta property=\"og:type\" content=\"article\" \/>\n<meta property=\"og:title\" content=\"Germanes de la Caritat de Sant Vicen\u00e7 de Pa\u00fcl - Hermanas de la Caridad San Vicente de Pa\u00fal\" \/>\n<meta property=\"og:url\" content=\"https:\/\/www.hcaridadsvp.com\/ca\/\" \/>\n<meta property=\"og:site_name\" content=\"Hermanas de la Caridad San Vicente de Pa\u00fal\" \/>\n<meta property=\"article:modified_time\" content=\"2026-04-08T12:33:13+00:00\" \/>\n<meta name=\"twitter:card\" content=\"summary_large_image\" \/>\n<meta name=\"twitter:label1\" content=\"Temps estimat de lectura\" \/>\n\t<meta name=\"twitter:data1\" content=\"2 minuts\" \/>\n<script type=\"application\/ld+json\" class=\"yoast-schema-graph\">{\"@context\":\"https:\\\/\\\/schema.org\",\"@graph\":[{\"@type\":\"WebPage\",\"@id\":\"https:\\\/\\\/www.hcaridadsvp.com\\\/ca\\\/\",\"url\":\"https:\\\/\\\/www.hcaridadsvp.com\\\/ca\\\/\",\"name\":\"Germanes de la Caritat de Sant Vicen\u00e7 de Pa\u00fcl - Hermanas de la Caridad San Vicente de Pa\u00fal\",\"isPartOf\":{\"@id\":\"https:\\\/\\\/www.hcaridadsvp.com\\\/#website\"},\"datePublished\":\"2022-03-26T09:19:58+00:00\",\"dateModified\":\"2026-04-08T12:33:13+00:00\",\"breadcrumb\":{\"@id\":\"https:\\\/\\\/www.hcaridadsvp.com\\\/ca\\\/#breadcrumb\"},\"inLanguage\":\"ca\",\"potentialAction\":[{\"@type\":\"ReadAction\",\"target\":[\"https:\\\/\\\/www.hcaridadsvp.com\\\/ca\\\/\"]}]},{\"@type\":\"BreadcrumbList\",\"@id\":\"https:\\\/\\\/www.hcaridadsvp.com\\\/ca\\\/#breadcrumb\",\"itemListElement\":[{\"@type\":\"ListItem\",\"position\":1,\"name\":\"Portada\",\"item\":\"https:\\\/\\\/www.hcaridadsvp.com\\\/ca\\\/\"},{\"@type\":\"ListItem\",\"position\":2,\"name\":\"Germanes de la Caritat de Sant Vicen\u00e7 de Pa\u00fcl\"}]},{\"@type\":\"WebSite\",\"@id\":\"https:\\\/\\\/www.hcaridadsvp.com\\\/#website\",\"url\":\"https:\\\/\\\/www.hcaridadsvp.com\\\/\",\"name\":\"Hermanas de la Caridad San Vicente de Pa\u00fal\",\"description\":\"\",\"potentialAction\":[{\"@type\":\"SearchAction\",\"target\":{\"@type\":\"EntryPoint\",\"urlTemplate\":\"https:\\\/\\\/www.hcaridadsvp.com\\\/?s={search_term_string}\"},\"query-input\":{\"@type\":\"PropertyValueSpecification\",\"valueRequired\":true,\"valueName\":\"search_term_string\"}}],\"inLanguage\":\"ca\"}]}<\/script>\n<!-- \/ Yoast SEO plugin. -->","yoast_head_json":{"title":"Germanes de la Caritat de Sant Vicen\u00e7 de Pa\u00fcl - Hermanas de la Caridad San Vicente de Pa\u00fal","robots":{"index":"index","follow":"follow","max-snippet":"max-snippet:-1","max-image-preview":"max-image-preview:large","max-video-preview":"max-video-preview:-1"},"canonical":"https:\/\/www.hcaridadsvp.com\/ca\/","og_locale":"ca_ES","og_type":"article","og_title":"Germanes de la Caritat de Sant Vicen\u00e7 de Pa\u00fcl - Hermanas de la Caridad San Vicente de Pa\u00fal","og_url":"https:\/\/www.hcaridadsvp.com\/ca\/","og_site_name":"Hermanas de la Caridad San Vicente de Pa\u00fal","article_modified_time":"2026-04-08T12:33:13+00:00","twitter_card":"summary_large_image","twitter_misc":{"Temps estimat de lectura":"2 minuts"},"schema":{"@context":"https:\/\/schema.org","@graph":[{"@type":"WebPage","@id":"https:\/\/www.hcaridadsvp.com\/ca\/","url":"https:\/\/www.hcaridadsvp.com\/ca\/","name":"Germanes de la Caritat de Sant Vicen\u00e7 de Pa\u00fcl - Hermanas de la Caridad San Vicente de Pa\u00fal","isPartOf":{"@id":"https:\/\/www.hcaridadsvp.com\/#website"},"datePublished":"2022-03-26T09:19:58+00:00","dateModified":"2026-04-08T12:33:13+00:00","breadcrumb":{"@id":"https:\/\/www.hcaridadsvp.com\/ca\/#breadcrumb"},"inLanguage":"ca","potentialAction":[{"@type":"ReadAction","target":["https:\/\/www.hcaridadsvp.com\/ca\/"]}]},{"@type":"BreadcrumbList","@id":"https:\/\/www.hcaridadsvp.com\/ca\/#breadcrumb","itemListElement":[{"@type":"ListItem","position":1,"name":"Portada","item":"https:\/\/www.hcaridadsvp.com\/ca\/"},{"@type":"ListItem","position":2,"name":"Germanes de la Caritat de Sant Vicen\u00e7 de Pa\u00fcl"}]},{"@type":"WebSite","@id":"https:\/\/www.hcaridadsvp.com\/#website","url":"https:\/\/www.hcaridadsvp.com\/","name":"Hermanas de la Caridad San Vicente de Pa\u00fal","description":"","potentialAction":[{"@type":"SearchAction","target":{"@type":"EntryPoint","urlTemplate":"https:\/\/www.hcaridadsvp.com\/?s={search_term_string}"},"query-input":{"@type":"PropertyValueSpecification","valueRequired":true,"valueName":"search_term_string"}}],"inLanguage":"ca"}]}},"_links":{"self":[{"href":"https:\/\/www.hcaridadsvp.com\/ca\/wp-json\/wp\/v2\/pages\/2103","targetHints":{"allow":["GET"]}}],"collection":[{"href":"https:\/\/www.hcaridadsvp.com\/ca\/wp-json\/wp\/v2\/pages"}],"about":[{"href":"https:\/\/www.hcaridadsvp.com\/ca\/wp-json\/wp\/v2\/types\/page"}],"author":[{"embeddable":true,"href":"https:\/\/www.hcaridadsvp.com\/ca\/wp-json\/wp\/v2\/users\/1"}],"replies":[{"embeddable":true,"href":"https:\/\/www.hcaridadsvp.com\/ca\/wp-json\/wp\/v2\/comments?post=2103"}],"version-history":[{"count":8,"href":"https:\/\/www.hcaridadsvp.com\/ca\/wp-json\/wp\/v2\/pages\/2103\/revisions"}],"predecessor-version":[{"id":3981,"href":"https:\/\/www.hcaridadsvp.com\/ca\/wp-json\/wp\/v2\/pages\/2103\/revisions\/3981"}],"wp:attachment":[{"href":"https:\/\/www.hcaridadsvp.com\/ca\/wp-json\/wp\/v2\/media?parent=2103"}],"curies":[{"name":"wp","href":"https:\/\/api.w.org\/{rel}","templated":true}]}}