{"id":2084,"date":"2024-05-30T08:10:37","date_gmt":"2024-05-30T06:10:37","guid":{"rendered":"https:\/\/www.hcaridadsvp.com\/contacto\/"},"modified":"2024-07-02T12:10:31","modified_gmt":"2024-07-02T10:10:31","slug":"contacte","status":"publish","type":"page","link":"https:\/\/www.hcaridadsvp.com\/ca\/contacte\/","title":{"rendered":"Contacte"},"content":{"rendered":"<section class=\"l-section wpb_row height_custom\"><div class=\"l-section-h i-cf\"><div class=\"g-cols vc_row via_flex valign_top type_default stacking_default\"><div class=\"vc_col-sm-12 wpb_column vc_column_container\"><div class=\"vc_column-inner\"><div class=\"wpb_wrapper\"><h1 class=\"w-post-elm post_title entry-title color_link_inherit\">Contacte<\/h1><div class=\"w-separator size_small\"><\/div><div class=\"g-cols wpb_row via_flex valign_top type_default stacking_default\"><div class=\"vc_col-sm-6 wpb_column vc_column_container\"><div class=\"vc_column-inner\"><div class=\"wpb_wrapper\"><div class=\"wpb_text_column\"><div class=\"wpb_wrapper\"><p>Gr\u00e0cies per ser aqu\u00ed. La teva pres\u00e8ncia fa la difer\u00e8ncia all\u00e0 on ets. Creiem que la teva paraula, els teus gestos ens ajudaran a viure el desig del nostre fundador: &#8220;Fer feli\u00e7os els seus feligresos&#8221;<\/p>\n<\/div><\/div><div class=\"w-separator size_small\"><\/div>\n<div class=\"wpcf7 no-js\" id=\"wpcf7-f2082-o1\" lang=\"ca\" dir=\"ltr\" data-wpcf7-id=\"2082\">\n<div class=\"screen-reader-response\"><p role=\"status\" aria-live=\"polite\" aria-atomic=\"true\"><\/p> <ul><\/ul><\/div>\n<form action=\"\/ca\/wp-json\/wp\/v2\/pages\/2084#wpcf7-f2082-o1\" method=\"post\" class=\"wpcf7-form init wpcf7-acceptance-as-validation\" aria-label=\"Formulari de contacte\" novalidate=\"novalidate\" data-status=\"init\">\n<fieldset class=\"hidden-fields-container\"><input type=\"hidden\" name=\"_wpcf7\" value=\"2082\" \/><input type=\"hidden\" name=\"_wpcf7_version\" value=\"6.1.5\" \/><input type=\"hidden\" name=\"_wpcf7_locale\" value=\"ca\" \/><input type=\"hidden\" name=\"_wpcf7_unit_tag\" value=\"wpcf7-f2082-o1\" \/><input type=\"hidden\" name=\"_wpcf7_container_post\" value=\"0\" \/><input type=\"hidden\" name=\"_wpcf7_posted_data_hash\" value=\"\" \/><input type=\"hidden\" name=\"_map_author\" value=\"1\" \/><input type=\"hidden\" name=\"_c2p_nonce\" value=\"01244a95ed\" \/><input type=\"hidden\" name=\"_wpnonce\" value=\"1d31360ca7\" \/><input type=\"hidden\" name=\"_wpcf7_recaptcha_response\" value=\"\" \/>\n<\/fieldset>\n<p><label> El teu nom i llinatges<br \/>\n<span class=\"wpcf7-form-control-wrap\" data-name=\"your-name\"><input size=\"40\" maxlength=\"400\" class=\"wpcf7-form-control wpcf7-text wpcf7-validates-as-required\" autocomplete=\"name\" aria-required=\"true\" aria-invalid=\"false\" value=\"\" type=\"text\" name=\"your-name\" \/><\/span> <\/label><br \/>\n<label> Pa\u00eds de resid\u00e8ncia<br \/>\n<span class=\"wpcf7-form-control-wrap\" data-name=\"pais\"><input size=\"40\" maxlength=\"400\" class=\"wpcf7-form-control wpcf7-text wpcf7-validates-as-required\" aria-required=\"true\" aria-invalid=\"false\" value=\"\" type=\"text\" name=\"pais\" \/><\/span> <\/label>\n<\/p>\n<p><label> El teu correu electr\u00f2nic<br \/>\n<span class=\"wpcf7-form-control-wrap\" data-name=\"your-email\"><input size=\"40\" maxlength=\"400\" class=\"wpcf7-form-control wpcf7-email wpcf7-text wpcf7-validates-as-email\" autocomplete=\"email\" aria-invalid=\"false\" value=\"\" type=\"email\" name=\"your-email\" \/><\/span> <\/label>\n<\/p>\n<p><label> El teu n\u00famero de tel\u00e8fon<br \/>\n<span class=\"wpcf7-form-control-wrap\" data-name=\"tel-780\"><input size=\"40\" maxlength=\"400\" class=\"wpcf7-form-control wpcf7-tel wpcf7-validates-as-required wpcf7-text wpcf7-validates-as-tel\" aria-required=\"true\" aria-invalid=\"false\" value=\"\" type=\"tel\" name=\"tel-780\" \/><\/span> <\/label>\n<\/p>\n<p><label> El teu missatge<br \/>\n<span class=\"wpcf7-form-control-wrap\" data-name=\"tu-mensaje\"><textarea cols=\"40\" rows=\"10\" maxlength=\"2000\" class=\"wpcf7-form-control wpcf7-textarea wpcf7-validates-as-required\" aria-required=\"true\" aria-invalid=\"false\" name=\"tu-mensaje\"><\/textarea><\/span> <\/label>\n<\/p>\n<div class=\"terms\" id=\"my-legal\">\n\t<p><strong>PRIVACITAT<\/strong><br \/>\nFormulari protegit per reCAPTCHA. <a href=\"https:\/\/policies.google.com\/privacy?hl=es\">Pol\u00edtica de privacitat<\/a> i <a href=\"https:\/\/policies.google.com\/terms?hl=es\">Condicions<\/a> de Google.\n\t<\/p>\n<\/div>\n<div class=\"termsandconditions\">\n\t<p><span class=\"wpcf7-form-control-wrap\" data-name=\"accept-this-1\"><span class=\"wpcf7-form-control wpcf7-acceptance\"><span class=\"wpcf7-list-item\"><input type=\"checkbox\" name=\"accept-this-1\" value=\"1\" aria-invalid=\"false\" \/><\/span><\/span><\/span>Accepto la <span class=\"my-legal\">Pol\u00edtica de Privacitat<\/span>\n\t<\/p>\n<\/div>\n<p><input class=\"wpcf7-form-control wpcf7-submit has-spinner\" type=\"submit\" value=\"Enviar\" \/>\n<\/p><p style=\"display: none !important;\" class=\"akismet-fields-container\" data-prefix=\"_wpcf7_ak_\"><label>&#916;<textarea name=\"_wpcf7_ak_hp_textarea\" cols=\"45\" rows=\"8\" maxlength=\"100\"><\/textarea><\/label><input type=\"hidden\" id=\"ak_js_1\" name=\"_wpcf7_ak_js\" value=\"51\"\/><script>document.getElementById( \"ak_js_1\" ).setAttribute( \"value\", ( new Date() ).getTime() );<\/script><\/p><div class=\"wpcf7-response-output\" aria-hidden=\"true\"><\/div>\n<\/form>\n<\/div>\n<\/div><\/div><\/div><div class=\"vc_col-sm-6 wpb_column vc_column_container\"><div class=\"vc_column-inner\"><div class=\"wpb_wrapper\"><div class=\"wpb_text_column\"><div class=\"wpb_wrapper\"><h6><strong>Germanes de la Caritat de Sant Vicen\u00e7 de Pa\u00fcl<\/strong><\/h6>\n<p>C\/ Rvd. Gabriel Bestard, 3 \u2013 Son Roca<br \/>\n07011 Palma &#8211; Illes Balears (Espa\u00f1a)<br \/>\n<strong><a href=\"mailto:secretaria@hcaridadsvp.com\">secretaria@hcaridadsvp.com<\/a><\/strong><\/p>\n<\/div><\/div><\/div><\/div><\/div><\/div><div class=\"w-popup align_none\"><span class=\"w-popup-trigger type_selector\" data-selector=\".my-legal\"><\/span><div class=\"w-popup-overlay\" style=\"background:rgba(0,0,0,0.85);\"><\/div><div class=\"w-popup-wrap layout_default\" role=\"dialog\" aria-modal=\"true\" aria-label=\"Popup\" style=\"--title-color:var(--color-content-heading);--title-bg-color:var(--color-content-bg-alt);--content-color:var(--color-content-text);--content-bg-color:var(--color-content-bg);--popup-width:600px;--popup-padding:5%;\"><button aria-label=\"Tanca\" class=\"w-popup-closer\" type=\"button\"><\/button><div class=\"w-popup-box animation_fadeIn closerpos_outside without_title\"><div class=\"w-popup-box-h\"><div class=\"w-popup-box-content\"><section class=\"l-section wpb_row height_custom\"><div class=\"l-section-h i-cf\"><div class=\"g-cols vc_row via_flex valign_top type_default stacking_default\"><div class=\"vc_col-sm-12 wpb_column vc_column_container\"><div class=\"vc_column-inner\"><div class=\"wpb_wrapper\"><div class=\"wpb_text_column\"><div class=\"wpb_wrapper\"><p><strong>TITULAR DEL SITIO WEB:<\/strong><\/p>\n<p>Hermanas de la Caridad de San Vicente de Pa\u00fal<br \/>\nC\/ Rvd. Gabriel Bestard, 3 \u2013 Son Roca<br \/>\n07011 Palma<br \/>\nNIF: ESR0700009D<br \/>\nCORREO ELECTR\u00d3NICO: info@hcaridadsvp.com<br \/>\nDOMINIO WEB: www.hcaridadsvp.com<\/p>\n<p><strong>Protecci\u00f3n de Datos de Car\u00e1cter Personal<\/strong><\/p>\n<p>En vigor de:<\/p>\n<ul>\n<li>El Reglamento 2016\/679 del Parlamento Europeo y del Consejo, de 27 de abril de 2016, relativo a la protecci\u00f3n de las personas f\u00edsicas en cuanto al tratamiento y la libre circulaci\u00f3n de datos personales<\/li>\n<li>Y la Ley Org\u00e1nica 3\/2018, de 5 de diciembre, de Protecci\u00f3n de Datos de Car\u00e1cter Personal y Garant\u00eda de Derechos Digitales 3\/2018 -LOPD DGG- de 5 de Diciembre de 2018,<\/li>\n<\/ul>\n<p><strong>Se publica la siguiente Clausula informativa:<\/strong><\/p>\n<p>Las Hermanas de la Caridad de San Vicente Pa\u00fal Curia General pueden im\u00e1genes y v\u00eddeos en medios de comunicaci\u00f3n propios (P\u00e1gina Web, Publicaciones, Redes sociales propias de la Congregaci\u00f3n).<br \/>\nLa intenci\u00f3n de dichos medios de comunicaci\u00f3n es mostrar la actividad del Instituto Religioso sin ning\u00fan tipo de aprovechamiento comercial.<br \/>\nSe posee al servicio de los usuarios de un Delegado de Protecci\u00f3n de Datos (DPD) seg\u00fan marcan las normas descritas anteriormente.<br \/>\nLos datos proporcionados se conservar\u00e1n los a\u00f1os necesarios para cumplir con las obligaciones legales. Los datos no se ceder\u00e1n a terceros salvo en los casos en que exista una obligaci\u00f3n legal. Usted tiene derecho a obtener confirmaci\u00f3n sobre si en estamos tratando sus datos personales por tanto tiene derecho a acceder a sus datos personales, rectificar los datos inexactos o solicitar su supresi\u00f3n cuando los datos ya no sean necesarios.<br \/>\nAs\u00ed mismo le informamos que estamos a su disposici\u00f3n para defender sus derechos mediante el Procedimiento para el ejercicio de los derechos por parte de los interesados (acceso, rectificaci\u00f3n, cancelaci\u00f3n\/bloqueo, oposici\u00f3n y portabilidad).<\/p>\n<p>El usuario dispone de un perfil en la misma Red Social y ha decidido unirse a la p\u00e1gina creada por HERMANAS DE LA CARIDAD DE SAN VICENTE DE PA\u00daL, mostrando as\u00ed inter\u00e9s en la informaci\u00f3n que se publicite en la Red. Al unirse a nuestra p\u00e1gina, nos facilita su consentimiento para el tratamiento de aquellos datos personales publicados en su perfil.<\/p>\n<p>El usuario puede acceder en todo momento a las pol\u00edticas de privacidad de la propia Red Social, as\u00ed como configurar su perfil para garantizar su privacidad.<\/p>\n<p>HERMANAS DE LA CARIDAD DE SAN VICENTE DE PA\u00daL tiene acceso y trata aquella informaci\u00f3n p\u00fablica del usuario, en especial, su nombre de contacto. Estos datos, s\u00f3lo son utilizados dentro de la propia Red Social. No son incorporados a ning\u00fan fichero.<\/p>\n<p>En relaci\u00f3n a los derechos de acceso, rectificaci\u00f3n, cancelaci\u00f3n y oposici\u00f3n, de los que usted dispone y que pueden ser ejercitados ante HERMANAS DE LA CARIDAD DE SAN VICENTE DE PA\u00daL, de acuerdo con la RGPD, debe tener en cuenta los siguientes matices:<\/p>\n<ul>\n<li>Acceso: Vendr\u00e1 definido por la funcionalidad de la Red Social y la capacidad de acceso a la informaci\u00f3n de los perfiles de los usuarios.<\/li>\n<li>Rectificaci\u00f3n: S\u00f3lo podr\u00e1 satisfacerse en relaci\u00f3n a aquella informaci\u00f3n que se encuentre bajo el control de HERMANAS DE LA CARIDAD DE SAN VICENTE DE PA\u00daL, por ejemplo, eliminar comentarios publicados en la propia p\u00e1gina. Normalmente, este derecho deber\u00e1 ejercerlo ante la Red Social.<\/li>\n<li>Cancelaci\u00f3n y\/u Oposici\u00f3n: Como en el caso anterior, s\u00f3lo podr\u00e1 satisfacerse en relaci\u00f3n a aquella informaci\u00f3n que se encuentre bajo el control de HERMANAS DE LA CARIDAD DE SAN VICENTE DE PA\u00daL, por ejemplo, dejar de estar unido al perfil.<\/li>\n<\/ul>\n<p>HERMANAS DE LA CARIDAD DE SAN VICENTE DE PA\u00daL realizar\u00e1 las siguientes actuaciones: Acceso a la informaci\u00f3n p\u00fablica del perfil. Publicaci\u00f3n en el perfil del usuario de toda aquella informaci\u00f3n ya publicada en la p\u00e1gina de HERMANAS DE LA CARIDAD DE SAN VICENTE DE PA\u00daL. Enviar mensajes personales e individuales a trav\u00e9s de los canales de la Red Social. Actualizaciones del estado de la p\u00e1gina que se publicar\u00e1n en el perfil del usuario.<br \/>\nEl usuario siempre puede controlar sus conexiones, eliminar los contenidos que dejen de interesarle y restringir con qui\u00e9n comparte sus conexiones, para ello deber\u00e1 acceder a su configuraci\u00f3n de privacidad.<\/p>\n<p><strong>Publicaciones<\/strong><\/p>\n<p>El usuario, una vez unido a la p\u00e1gina de HERMANAS DE LA CARIDAD DE SAN VICENTE DE PA\u00daL, podr\u00e1 publicar en \u00e9sta \u00faltima comentarios, enlaces, im\u00e1genes o fotograf\u00edas o cualquier otro tipo de contenido multimedia soportado por la Red Social. El usuario, en todos los casos, debe ser el titular de los mismos, gozar de los derechos de autor y de propiedad intelectual o contar con el consentimiento de los terceros afectados. Se proh\u00edbe expresamente cualquier publicaci\u00f3n en la p\u00e1gina, ya sean textos, gr\u00e1ficos, fotograf\u00edas, v\u00eddeos, etc. que atenten o sean susceptibles de atentar contra la moral, la \u00e9tica, el buen gusto o el decoro, y\/o que infrinjan, violen o quebranten los derechos de propiedad intelectual o industrial, el derecho a la imagen o la Ley. En estos casos, HERMANAS DE LA CARIDAD DE SAN VICENTE DE PA\u00daL se reserva el derecho a retirar de inmediato el contenido, pudiendo solicitar el bloqueo permanente del usuario.<\/p>\n<p>HERMANAS DE LA CARIDAD DE SAN VICENTE DE PA\u00daL no se har\u00e1 responsable de los contenidos que libremente ha publicado un usuario.<br \/>\nEl usuario debe tener presente que sus publicaciones ser\u00e1n conocidas por los otros usuarios, por lo que \u00e9l mismo es el principal responsable de su privacidad.<br \/>\nLas im\u00e1genes que puedan publicarse en la p\u00e1gina no ser\u00e1n almacenadas en ning\u00fan fichero por parte de HERMANAS DE LA CARIDAD DE SAN VICENTE DE PA\u00daL, pero s\u00ed que permanecer\u00e1n en la Red Social.<\/p>\n<p><strong>Concursos y promociones<\/strong><\/p>\n<p>HERMANAS DE LA CARIDAD DE SAN VICENTE DE PA\u00daL se reserva el derecho a realizar concursos y promociones, en los que podr\u00e1 participar el usuario unido a su p\u00e1gina. Las bases de cada uno de ellos, cuando se utilice para ello la plataforma de la Red Social, ser\u00e1n publicadas en la misma. Cumpliendo siempre con la LSSI-CE y con cualquier otra norma que le sea de aplicaci\u00f3n.<\/p>\n<p>La Red Social no patrocina, avala ni administra, de modo alguno, ninguna de nuestras promociones, ni est\u00e1 asociada a ninguna de ellas.<\/p>\n<p><strong>Publicidad<\/strong><\/p>\n<p>HERMANAS DE LA CARIDAD DE SAN VICENTE DE PA\u00daL utilizar\u00e1 la Red Social para publicitar sus productos y servicios, en todo caso, si decide tratar sus datos de contacto para realizar acciones directas de prospecci\u00f3n comercial, ser\u00e1 siempre, cumpliendo con las exigencias legales de la RGPD y de la LSSI-CE.<\/p>\n<p>No se considerar\u00e1 publicidad el hecho de recomendar a otros usuarios la p\u00e1gina de HERMANAS DE LA CARIDAD DE SAN VICENTE DE PA\u00daL para que tambi\u00e9n ellos puedan disfrutar de las promociones o estar informados de su actividad.<br \/>\nA continuaci\u00f3n detallamos el enlace a la pol\u00edtica de privacidad de la Red Social:<\/p>\n<ul>\n<li>Facebook: https:\/\/www.facebook.com\/help\/323540651073243\/<\/li>\n<li>Twitter: https:\/\/twitter.com\/privacy<\/li>\n<li>Google +: http:\/\/www.google.com\/intl\/es\/policies\/privacy<\/li>\n<\/ul>\n<p><strong id=\"privacidad\">CL\u00c1USULA INFORMATIVA RGPD Y LSSI-CE<\/strong><\/p>\n<p>De conformidad con lo establecido en la normativa vigente en Protecci\u00f3n de Datos de Car\u00e1cter Personal, le informamos que sus datos ser\u00e1n incorporados al sistema de tratamiento titularidad de HERMANAS DE LA CARIDAD DE SAN VICENTE DE PA\u00daL con CIF B57840290 y domicilio social sito en C\/ Rvd. Gabriel Bestard, 3 \u2013 Son Roca \u2013 07011 Palma (ILLES BALEARS), con la finalidad de poder atender los compromisos derivados de la relaci\u00f3n que mantenemos con usted. En cumplimiento con la normativa vigente, HERMANAS DE LA CARIDAD DE SAN VICENTE DE PA\u00daL informa que los datos ser\u00e1n conservados durante el plazo estrictamente necesario para cumplir con los preceptos mencionados con anterioridad.<\/p>\n<p>HERMANAS DE LA CARIDAD DE SAN VICENTE DE PA\u00daL informa que proceder\u00e1 a tratar los datos de manera l\u00edcita, leal, transparente, adecuada, pertinente, limitada, exacta y actualizada. Es por ello que HERMANAS DE LA CARIDAD DE SAN VICENTE DE PA\u00daL se compromete a adoptar todas las medidas razonables para que estos se supriman o rectifiquen sin dilaci\u00f3n cuando sean inexactos.<br \/>\nDe acuerdo con los derechos que le confiere el la normativa vigente en protecci\u00f3n de datos podr\u00e1 ejercer los derechos de acceso, rectificaci\u00f3n, limitaci\u00f3n de tratamiento, supresi\u00f3n, portabilidad y oposici\u00f3n al tratamiento de sus datos de car\u00e1cter personal as\u00ed como del consentimiento prestado para el tratamiento de los mismos, dirigiendo su petici\u00f3n a la direcci\u00f3n postal indicada m\u00e1s arriba o al correo electr\u00f3nico info@hcaridadsvp.com<\/p>\n<p>Asimismo y de acuerdo con lo establecido en la Ley 34\/2002, de 11 de julio, de Servicios de la Sociedad de la Informaci\u00f3n y de Comercio Electr\u00f3nico, en su art\u00edculo 21, solicitamos tambi\u00e9n su consentimiento expreso para enviarle publicidad de nuestros productos o promociones que consideremos puedan ser de su inter\u00e9s, por correo electr\u00f3nico o por cualquier otro medio de comunicaci\u00f3n electr\u00f3nica equivalente.<\/p>\n<p>Le informamos que podr\u00e1 revocar en cualquier momento el consentimiento prestado a la recepci\u00f3n de comunicaciones comerciales enviando un e-mail a la direcci\u00f3n de correo electr\u00f3nico: info@hcaridadsvp.com.<br \/>\nNombre y apellidos o Raz\u00f3n social:<br \/>\nDNI o CIF:<br \/>\nFirma del interesado.<\/p>\n<\/div><\/div><\/div><\/div><\/div><\/div><\/div><\/section>\n<\/div><\/div><\/div><\/div><\/div><\/div><\/div><\/div><\/div><\/div><\/section>\n","protected":false},"excerpt":{"rendered":"ContacteGr\u00e0cies per ser aqu\u00ed. La teva pres\u00e8ncia fa la difer\u00e8ncia all\u00e0 on ets. Creiem que la teva paraula, els teus gestos ens ajudaran a viure el desig del nostre fundador: &#8220;Fer feli\u00e7os els seus feligresos&#8221; El teu nom i llinatges Pa\u00eds de resid\u00e8ncia El teu correu electr\u00f2nic El teu n\u00famero de tel\u00e8fon El teu missatge...","protected":false},"author":1,"featured_media":0,"parent":0,"menu_order":0,"comment_status":"closed","ping_status":"closed","template":"","meta":{"_acf_changed":false,"footnotes":""},"class_list":["post-2084","page","type-page","status-publish","hentry"],"acf":[],"yoast_head":"<!-- This site is optimized with the Yoast SEO plugin v27.4 - https:\/\/yoast.com\/product\/yoast-seo-wordpress\/ -->\n<title>Contacte - Hermanas de la Caridad San Vicente de Pa\u00fal<\/title>\n<meta name=\"robots\" content=\"index, follow, max-snippet:-1, max-image-preview:large, max-video-preview:-1\" \/>\n<link rel=\"canonical\" href=\"https:\/\/www.hcaridadsvp.com\/ca\/contacte\/\" \/>\n<meta property=\"og:locale\" content=\"ca_ES\" \/>\n<meta property=\"og:type\" content=\"article\" \/>\n<meta property=\"og:title\" content=\"Contacte - Hermanas de la Caridad San Vicente de Pa\u00fal\" \/>\n<meta property=\"og:url\" content=\"https:\/\/www.hcaridadsvp.com\/ca\/contacte\/\" \/>\n<meta property=\"og:site_name\" content=\"Hermanas de la Caridad San Vicente de Pa\u00fal\" \/>\n<meta property=\"article:modified_time\" content=\"2024-07-02T10:10:31+00:00\" \/>\n<meta name=\"twitter:card\" content=\"summary_large_image\" \/>\n<meta name=\"twitter:label1\" content=\"Temps estimat de lectura\" \/>\n\t<meta name=\"twitter:data1\" content=\"1 minut\" \/>\n<script type=\"application\/ld+json\" class=\"yoast-schema-graph\">{\"@context\":\"https:\\\/\\\/schema.org\",\"@graph\":[{\"@type\":\"WebPage\",\"@id\":\"https:\\\/\\\/www.hcaridadsvp.com\\\/ca\\\/contacte\\\/\",\"url\":\"https:\\\/\\\/www.hcaridadsvp.com\\\/ca\\\/contacte\\\/\",\"name\":\"Contacte - Hermanas de la Caridad San Vicente de Pa\u00fal\",\"isPartOf\":{\"@id\":\"https:\\\/\\\/www.hcaridadsvp.com\\\/#website\"},\"datePublished\":\"2024-05-30T06:10:37+00:00\",\"dateModified\":\"2024-07-02T10:10:31+00:00\",\"breadcrumb\":{\"@id\":\"https:\\\/\\\/www.hcaridadsvp.com\\\/ca\\\/contacte\\\/#breadcrumb\"},\"inLanguage\":\"ca\",\"potentialAction\":[{\"@type\":\"ReadAction\",\"target\":[\"https:\\\/\\\/www.hcaridadsvp.com\\\/ca\\\/contacte\\\/\"]}]},{\"@type\":\"BreadcrumbList\",\"@id\":\"https:\\\/\\\/www.hcaridadsvp.com\\\/ca\\\/contacte\\\/#breadcrumb\",\"itemListElement\":[{\"@type\":\"ListItem\",\"position\":1,\"name\":\"Portada\",\"item\":\"https:\\\/\\\/www.hcaridadsvp.com\\\/ca\\\/\"},{\"@type\":\"ListItem\",\"position\":2,\"name\":\"Contacte\"}]},{\"@type\":\"WebSite\",\"@id\":\"https:\\\/\\\/www.hcaridadsvp.com\\\/#website\",\"url\":\"https:\\\/\\\/www.hcaridadsvp.com\\\/\",\"name\":\"Hermanas de la Caridad San Vicente de Pa\u00fal\",\"description\":\"\",\"potentialAction\":[{\"@type\":\"SearchAction\",\"target\":{\"@type\":\"EntryPoint\",\"urlTemplate\":\"https:\\\/\\\/www.hcaridadsvp.com\\\/?s={search_term_string}\"},\"query-input\":{\"@type\":\"PropertyValueSpecification\",\"valueRequired\":true,\"valueName\":\"search_term_string\"}}],\"inLanguage\":\"ca\"}]}<\/script>\n<!-- \/ Yoast SEO plugin. -->","yoast_head_json":{"title":"Contacte - Hermanas de la Caridad San Vicente de Pa\u00fal","robots":{"index":"index","follow":"follow","max-snippet":"max-snippet:-1","max-image-preview":"max-image-preview:large","max-video-preview":"max-video-preview:-1"},"canonical":"https:\/\/www.hcaridadsvp.com\/ca\/contacte\/","og_locale":"ca_ES","og_type":"article","og_title":"Contacte - Hermanas de la Caridad San Vicente de Pa\u00fal","og_url":"https:\/\/www.hcaridadsvp.com\/ca\/contacte\/","og_site_name":"Hermanas de la Caridad San Vicente de Pa\u00fal","article_modified_time":"2024-07-02T10:10:31+00:00","twitter_card":"summary_large_image","twitter_misc":{"Temps estimat de lectura":"1 minut"},"schema":{"@context":"https:\/\/schema.org","@graph":[{"@type":"WebPage","@id":"https:\/\/www.hcaridadsvp.com\/ca\/contacte\/","url":"https:\/\/www.hcaridadsvp.com\/ca\/contacte\/","name":"Contacte - Hermanas de la Caridad San Vicente de Pa\u00fal","isPartOf":{"@id":"https:\/\/www.hcaridadsvp.com\/#website"},"datePublished":"2024-05-30T06:10:37+00:00","dateModified":"2024-07-02T10:10:31+00:00","breadcrumb":{"@id":"https:\/\/www.hcaridadsvp.com\/ca\/contacte\/#breadcrumb"},"inLanguage":"ca","potentialAction":[{"@type":"ReadAction","target":["https:\/\/www.hcaridadsvp.com\/ca\/contacte\/"]}]},{"@type":"BreadcrumbList","@id":"https:\/\/www.hcaridadsvp.com\/ca\/contacte\/#breadcrumb","itemListElement":[{"@type":"ListItem","position":1,"name":"Portada","item":"https:\/\/www.hcaridadsvp.com\/ca\/"},{"@type":"ListItem","position":2,"name":"Contacte"}]},{"@type":"WebSite","@id":"https:\/\/www.hcaridadsvp.com\/#website","url":"https:\/\/www.hcaridadsvp.com\/","name":"Hermanas de la Caridad San Vicente de Pa\u00fal","description":"","potentialAction":[{"@type":"SearchAction","target":{"@type":"EntryPoint","urlTemplate":"https:\/\/www.hcaridadsvp.com\/?s={search_term_string}"},"query-input":{"@type":"PropertyValueSpecification","valueRequired":true,"valueName":"search_term_string"}}],"inLanguage":"ca"}]}},"_links":{"self":[{"href":"https:\/\/www.hcaridadsvp.com\/ca\/wp-json\/wp\/v2\/pages\/2084","targetHints":{"allow":["GET"]}}],"collection":[{"href":"https:\/\/www.hcaridadsvp.com\/ca\/wp-json\/wp\/v2\/pages"}],"about":[{"href":"https:\/\/www.hcaridadsvp.com\/ca\/wp-json\/wp\/v2\/types\/page"}],"author":[{"embeddable":true,"href":"https:\/\/www.hcaridadsvp.com\/ca\/wp-json\/wp\/v2\/users\/1"}],"replies":[{"embeddable":true,"href":"https:\/\/www.hcaridadsvp.com\/ca\/wp-json\/wp\/v2\/comments?post=2084"}],"version-history":[{"count":3,"href":"https:\/\/www.hcaridadsvp.com\/ca\/wp-json\/wp\/v2\/pages\/2084\/revisions"}],"predecessor-version":[{"id":2238,"href":"https:\/\/www.hcaridadsvp.com\/ca\/wp-json\/wp\/v2\/pages\/2084\/revisions\/2238"}],"wp:attachment":[{"href":"https:\/\/www.hcaridadsvp.com\/ca\/wp-json\/wp\/v2\/media?parent=2084"}],"curies":[{"name":"wp","href":"https:\/\/api.w.org\/{rel}","templated":true}]}}